{"id":25,"date":"2024-01-09T08:37:29","date_gmt":"2024-01-09T07:37:29","guid":{"rendered":"https:\/\/mestdaghbv.be\/?page_id=25"},"modified":"2025-10-28T08:27:15","modified_gmt":"2025-10-28T07:27:15","slug":"contact","status":"publish","type":"page","link":"https:\/\/mestdaghbv.be\/fr\/contact\/","title":{"rendered":"Contact"},"content":{"rendered":"<div data-elementor-type=\"wp-page\" data-elementor-id=\"25\" class=\"elementor elementor-25\" data-elementor-post-type=\"page\">\n\t\t\t\t<div class=\"elementor-element elementor-element-f5aaec6 e-con-full e-flex e-con e-parent\" data-id=\"f5aaec6\" data-element_type=\"container\">\n\t\t<div class=\"elementor-element elementor-element-b8a42a7 e-con-full e-flex e-con e-child\" data-id=\"b8a42a7\" data-element_type=\"container\">\n\t\t<div class=\"elementor-element elementor-element-47da10e e-con-full animated-slow e-flex elementor-invisible e-con e-child\" data-id=\"47da10e\" data-element_type=\"container\" data-settings=\"{&quot;animation&quot;:&quot;fadeIn&quot;}\">\n\t\t\t\t<div class=\"elementor-element elementor-element-7f4b4d9 elementor-widget elementor-widget-heading\" data-id=\"7f4b4d9\" data-element_type=\"widget\" data-widget_type=\"heading.default\">\n\t\t\t\t<div class=\"elementor-widget-container\">\n\t\t\t\t\t<h2 class=\"elementor-heading-title elementor-size-default\">Contacteer ons<\/h2>\t\t\t\t<\/div>\n\t\t\t\t<\/div>\n\t\t<div class=\"elementor-element elementor-element-dcedf7d e-con-full e-flex e-con e-child\" data-id=\"dcedf7d\" data-element_type=\"container\">\n\t\t\t\t<div class=\"elementor-element elementor-element-be952ed elementor-widget elementor-widget-text-editor\" data-id=\"be952ed\" data-element_type=\"widget\" data-widget_type=\"text-editor.default\">\n\t\t\t\t<div class=\"elementor-widget-container\">\n\t\t\t\t\t\t\t\t\t<p><a href=\"https:\/\/www.google.com\/maps\/place\/Gitsbergstraat+9D,+8800+Roeselare\/@50.9758659,3.1292135,17z\/data=!3m1!4b1!4m6!3m5!1s0x47c34a03e33d2629:0x3bb18069f9f2e434!8m2!3d50.9758659!4d3.1317884!16s%2Fg%2F11krgxv3nz?entry=ttu\" target=\"_blank\" rel=\"noopener\">Gitsbergstraat 9\/D, 8800 Roeselare<\/a><br \/><a href=\"https:\/\/maps.app.goo.gl\/smnhwL3zWzeSuWmV9\" target=\"_blank\" rel=\"noopener\">(Industriezone 5 Beveren noord)<\/a><\/p>\t\t\t\t\t\t\t\t<\/div>\n\t\t\t\t<\/div>\n\t\t\t\t<div class=\"elementor-element elementor-element-d4c0deb elementor-widget elementor-widget-text-editor\" data-id=\"d4c0deb\" data-element_type=\"widget\" data-widget_type=\"text-editor.default\">\n\t\t\t\t<div class=\"elementor-widget-container\">\n\t\t\t\t\t\t\t\t\t<p>E <a href=\"mailto:info@mestdaghbv.be\">info@mestdaghbv.be<\/a><br \/>T <a href=\"tel:+32 51 81 87 01\">(+32) 051 81 87 01<\/a><br \/><br \/><\/p>\t\t\t\t\t\t\t\t<\/div>\n\t\t\t\t<\/div>\n\t\t\t\t<\/div>\n\t\t\t\t<div class=\"elementor-element elementor-element-1a97e40 elementor-button-align-stretch elementor-widget elementor-widget-form\" data-id=\"1a97e40\" data-element_type=\"widget\" data-settings=\"{&quot;button_width&quot;:&quot;20&quot;,&quot;button_width_tablet&quot;:&quot;20&quot;,&quot;button_width_mobile&quot;:&quot;33&quot;,&quot;step_next_label&quot;:&quot;Next&quot;,&quot;step_previous_label&quot;:&quot;Previous&quot;,&quot;dce_confirm_dialog_enabled&quot;:&quot;no&quot;,&quot;step_type&quot;:&quot;number_text&quot;,&quot;step_icon_shape&quot;:&quot;circle&quot;,&quot;label_icon_size&quot;:{&quot;unit&quot;:&quot;px&quot;,&quot;size&quot;:&quot;&quot;,&quot;sizes&quot;:[]},&quot;field_icon_size&quot;:{&quot;unit&quot;:&quot;px&quot;,&quot;size&quot;:&quot;&quot;,&quot;sizes&quot;:[]}}\" data-widget_type=\"form.default\">\n\t\t\t\t<div class=\"elementor-widget-container\">\n\t\t\t\t\t\t\t<form class=\"elementor-form\" method=\"post\" name=\"New Form\" aria-label=\"New Form\" action=\"\">\n\t\t\t<input type=\"hidden\" name=\"post_id\" value=\"25\"\/>\n\t\t\t<input type=\"hidden\" name=\"form_id\" value=\"1a97e40\"\/>\n\t\t\t<input type=\"hidden\" name=\"referer_title\" value=\"Mestdagh Fine mechanical supplier - Contacteer ons\" \/>\n\n\t\t\t\t\t\t\t<input type=\"hidden\" name=\"queried_id\" value=\"25\"\/>\n\t\t\t\n\t\t\t<div class=\"elementor-form-fields-wrapper elementor-labels-above\">\n\t\t\t\t\t\t\t\t<div class=\"elementor-field-type-text elementor-field-group elementor-column elementor-field-group-name elementor-col-100 elementor-field-required\">\n\t\t\t\t\t\t\t\t\t\t\t\t\t<input size=\"1\" type=\"text\" name=\"form_fields[name]\" id=\"form-field-name\" class=\"elementor-field elementor-size-sm  elementor-field-textual\" placeholder=\"Naam &amp; voornaam\" required=\"required\">\n\t\t\t\t\t\t\t\t\t\t\t<\/div>\n\t\t\t\t\t\t\t\t<div class=\"elementor-field-type-text elementor-field-group elementor-column elementor-field-group-field_d045534 elementor-col-100 elementor-field-required\">\n\t\t\t\t\t\t\t\t\t\t\t\t\t<input size=\"1\" type=\"text\" name=\"form_fields[field_d045534]\" id=\"form-field-field_d045534\" class=\"elementor-field elementor-size-sm  elementor-field-textual\" placeholder=\"Naam bedrijf\" required=\"required\">\n\t\t\t\t\t\t\t\t\t\t\t<\/div>\n\t\t\t\t\t\t\t\t<div class=\"elementor-field-type-email elementor-field-group elementor-column elementor-field-group-field_21e6cb4 elementor-col-100 elementor-field-required\">\n\t\t\t\t\t\t\t\t\t\t\t\t\t<input size=\"1\" type=\"email\" name=\"form_fields[field_21e6cb4]\" id=\"form-field-field_21e6cb4\" class=\"elementor-field elementor-size-sm  elementor-field-textual\" placeholder=\"Email\" required=\"required\">\n\t\t\t\t\t\t\t\t\t\t\t<\/div>\n\t\t\t\t\t\t\t\t<div class=\"elementor-field-type-tel elementor-field-group elementor-column elementor-field-group-field_42c5958 elementor-col-100\">\n\t\t\t\t\t\t\t<input size=\"1\" type=\"tel\" name=\"form_fields[field_42c5958]\" id=\"form-field-field_42c5958\" class=\"elementor-field elementor-size-sm  elementor-field-textual\" placeholder=\"Telefoon\" pattern=\"[0-9()#&amp;+*-=.]+\" title=\"Seuls les caract\u00e8res de num\u00e9ros de t\u00e9l\u00e9phone (#, -, *, etc.) sont accept\u00e9s.\" data-no-translation-title=\"\">\n\n\t\t\t\t\t\t<\/div>\n\t\t\t\t\t\t\t\t<div class=\"elementor-field-type-textarea elementor-field-group elementor-column elementor-field-group-message elementor-col-100\">\n\t\t\t\t\t<textarea class=\"elementor-field-textual elementor-field  elementor-size-sm\" name=\"form_fields[message]\" id=\"form-field-message\" rows=\"5\" placeholder=\"Bericht\"><\/textarea>\t\t\t\t<\/div>\n\t\t\t\t\t\t\t\t<div class=\"elementor-field-type-upload elementor-field-group elementor-column elementor-field-group-field_86884af elementor-col-100\">\n\t\t\t\t\t\t\t\t\t\t\t\t<label for=\"form-field-field_86884af\" class=\"elementor-field-label\">\n\t\t\t\t\t\t\t\tVoeg bijlage toe\t\t\t\t\t\t\t<\/label>\n\t\t\t\t\t\t\t\t<input type=\"file\" name=\"form_fields[field_86884af]\" id=\"form-field-field_86884af\" class=\"elementor-field elementor-size-sm  elementor-upload-field\" data-maxsize=\"25\" data-maxsize-message=\"Ce fichier d\u00e9passe la taille maximale autoris\u00e9e.\" data-no-translation-data-maxsize-message=\"\">\n\n\t\t\t\t\t\t<\/div>\n\t\t\t\t\t\t\t\t<div class=\"elementor-field-type-recaptcha_v3 elementor-field-group elementor-column elementor-field-group-field_d9e39f4 elementor-col-100 recaptcha_v3-bottomright\">\n\t\t\t\t\t<div class=\"elementor-field\" id=\"form-field-field_d9e39f4\"><div class=\"elementor-g-recaptcha\" data-sitekey=\"6LcLkJcpAAAAAHUQMtMnWTPuW6bHwWjObEJ4h5o9\" data-type=\"v3\" data-action=\"Form\" data-badge=\"bottomright\" data-size=\"invisible\"><\/div><\/div>\t\t\t\t<\/div>\n\t\t\t\t\t\t\t\t<div class=\"elementor-field-group elementor-column elementor-field-type-submit elementor-col-20 e-form__buttons elementor-md-20 elementor-sm-33\">\n\t\t\t\t\t<button class=\"elementor-button elementor-size-sm\" type=\"submit\">\n\t\t\t\t\t\t<span class=\"elementor-button-content-wrapper\">\n\t\t\t\t\t\t\t\t\t\t\t\t\t\t\t\t\t\t\t\t\t\t<span class=\"elementor-button-text\">Verstuur<\/span>\n\t\t\t\t\t\t\t\t\t\t\t\t\t<\/span>\n\t\t\t\t\t<\/button>\n\t\t\t\t<\/div>\n\t\t\t<\/div>\n\t\t<input type=\"hidden\" name=\"trp-form-language\" value=\"fr\"\/><\/form>\n\t\t\t\t\t\t<\/div>\n\t\t\t\t<\/div>\n\t\t\t\t<\/div>\n\t\t\t\t<\/div>\n\t\t<div class=\"elementor-element elementor-element-980d1fa e-con-full e-flex e-con e-child\" data-id=\"980d1fa\" data-element_type=\"container\">\n\t\t\t\t<div class=\"elementor-element elementor-element-403845b dce_masking-none elementor-invisible elementor-widget elementor-widget-image\" data-id=\"403845b\" data-element_type=\"widget\" data-settings=\"{&quot;_animation&quot;:&quot;fadeIn&quot;}\" data-widget_type=\"image.default\">\n\t\t\t\t<div class=\"elementor-widget-container\">\n\t\t\t\t\t\t\t\t\t\t\t\t\t\t\t<img fetchpriority=\"high\" decoding=\"async\" width=\"1920\" height=\"1440\" src=\"https:\/\/mestdaghbv.be\/wp-content\/uploads\/2024\/02\/240209_F07_TROMPET_MESTDAGH_014.webp\" class=\"attachment-full size-full wp-image-1913\" alt=\"\" srcset=\"https:\/\/mestdaghbv.be\/wp-content\/uploads\/2024\/02\/240209_F07_TROMPET_MESTDAGH_014.webp 1920w, https:\/\/mestdaghbv.be\/wp-content\/uploads\/2024\/02\/240209_F07_TROMPET_MESTDAGH_014-300x225.webp 300w, https:\/\/mestdaghbv.be\/wp-content\/uploads\/2024\/02\/240209_F07_TROMPET_MESTDAGH_014-1024x768.webp 1024w, https:\/\/mestdaghbv.be\/wp-content\/uploads\/2024\/02\/240209_F07_TROMPET_MESTDAGH_014-768x576.webp 768w, https:\/\/mestdaghbv.be\/wp-content\/uploads\/2024\/02\/240209_F07_TROMPET_MESTDAGH_014-1536x1152.webp 1536w\" sizes=\"(max-width: 1920px) 100vw, 1920px\" \/>\t\t\t\t\t\t\t\t\t\t\t\t\t\t\t<\/div>\n\t\t\t\t<\/div>\n\t\t\t\t<div class=\"elementor-element elementor-element-28cb322 elementor-widget__width-auto elementor-absolute dce_masking-none elementor-invisible elementor-widget elementor-widget-image\" data-id=\"28cb322\" data-element_type=\"widget\" data-settings=\"{&quot;_position&quot;:&quot;absolute&quot;,&quot;_animation&quot;:&quot;fadeInDown&quot;}\" data-widget_type=\"image.default\">\n\t\t\t\t<div class=\"elementor-widget-container\">\n\t\t\t\t\t\t\t\t\t\t\t\t\t\t\t<img decoding=\"async\" width=\"31\" height=\"123\" src=\"https:\/\/mestdaghbv.be\/wp-content\/uploads\/2024\/01\/icon-arrow-down.svg\" class=\"attachment-large size-large wp-image-244\" alt=\"\" \/>\t\t\t\t\t\t\t\t\t\t\t\t\t\t\t<\/div>\n\t\t\t\t<\/div>\n\t\t\t\t<\/div>\n\t\t\t\t<\/div>\n\t\t\t\t<\/div>","protected":false},"excerpt":{"rendered":"<p>Mestdagh BV<\/p>","protected":false},"author":3,"featured_media":1636,"parent":0,"menu_order":6,"comment_status":"closed","ping_status":"closed","template":"elementor_header_footer","meta":{"_acf_changed":false,"footnotes":""},"class_list":["post-25","page","type-page","status-publish","has-post-thumbnail","hentry"],"acf":[],"_links":{"self":[{"href":"https:\/\/mestdaghbv.be\/fr\/wp-json\/wp\/v2\/pages\/25","targetHints":{"allow":["GET"]}}],"collection":[{"href":"https:\/\/mestdaghbv.be\/fr\/wp-json\/wp\/v2\/pages"}],"about":[{"href":"https:\/\/mestdaghbv.be\/fr\/wp-json\/wp\/v2\/types\/page"}],"author":[{"embeddable":true,"href":"https:\/\/mestdaghbv.be\/fr\/wp-json\/wp\/v2\/users\/3"}],"replies":[{"embeddable":true,"href":"https:\/\/mestdaghbv.be\/fr\/wp-json\/wp\/v2\/comments?post=25"}],"version-history":[{"count":1,"href":"https:\/\/mestdaghbv.be\/fr\/wp-json\/wp\/v2\/pages\/25\/revisions"}],"predecessor-version":[{"id":2386,"href":"https:\/\/mestdaghbv.be\/fr\/wp-json\/wp\/v2\/pages\/25\/revisions\/2386"}],"wp:featuredmedia":[{"embeddable":true,"href":"https:\/\/mestdaghbv.be\/fr\/wp-json\/wp\/v2\/media\/1636"}],"wp:attachment":[{"href":"https:\/\/mestdaghbv.be\/fr\/wp-json\/wp\/v2\/media?parent=25"}],"curies":[{"name":"wp","href":"https:\/\/api.w.org\/{rel}","templated":true}]}}